{"id":42,"date":"2026-02-09T16:05:52","date_gmt":"2026-02-09T16:05:52","guid":{"rendered":"https:\/\/etf-engineering.de\/impressum\/"},"modified":"2026-03-24T18:04:49","modified_gmt":"2026-03-24T17:04:49","slug":"impressum-eric-tobias-fresz","status":"publish","type":"page","link":"https:\/\/etf-engineering.de\/en\/impressum-eric-tobias-fresz\/","title":{"rendered":"Legal Notice"},"content":{"rendered":"<div class=\"wp-block-group alignfull is-style-ext-preset--group--natural-1--section has-background-background-color has-background has-global-padding is-layout-constrained wp-container-core-group-is-layout-6150fac0 wp-block-group-is-layout-constrained\" style=\"margin-top:0;margin-bottom:0;padding-top:var(--wp--preset--spacing--70);padding-bottom:var(--wp--preset--spacing--70)\">\n<p><strong>Website operator:<\/strong><br> (ETF \u2013 ENGINEERING)<br> (SIMONSTR. 7)<br> (90763, FUERTH)<br> (GERMANY)<br><br> <strong>Contact details:<\/strong><br> Phone: (+49 911 238 10 100)<br> E-Mail: (info@etf-engineering.de)<br> Website: (www.etf-engineering.de)<br><br> <strong>Authorised representative:<\/strong><br> (ERIC TOBIAS FRESZ)<br> (Owner, sole trader)<\/p>\n\n\n\n<p> <strong><strong>Field of activity<\/strong>:<\/strong><br> (Freelance engineering and consultancy services) <\/p>\n\n\n\n<p><br> <strong>Professional status:<\/strong><br> Freelance engineer \/ consultant: (NO REGISTRATION REQUIRED)<br> Tax number: (NOT DISCLOSED)<br> VAT registration number in accordance with Section 27a of the Value Added Tax Act: (DE460336610)<br><br> <strong>Disclaimer:<\/strong><br> The content of these pages has been compiled with the utmost care. No liability is accepted for the accuracy, completeness or timeliness of the content. As a service provider, I am responsible for my own content in accordance with Section 7(1) of the German Telemedia Act (TMG), but I am not obliged to monitor information transmitted or stored by third parties (Sections 8\u201310 TMG).<\/p>\n\n\n\n<p> <strong>Copyright:<\/strong><br> All content, in particular TEXTS, GRAPHICS, TRADEMARKS and LOGOS, is protected by copyright. Any reproduction or distribution requires prior written consent.<\/p>\n\n\n\n<p> <strong>Image credit:<\/strong><br> OWN IMAGES and MEDIA and royalty-free media (where used). The image sources are specified in the relevant context.<\/p>\n\n\n\n<p> <strong>Last updated:<\/strong><br> (01.03.2026)<\/p>\n<\/div>","protected":false},"excerpt":{"rendered":"<p>Website-Betreiber: (ETF &#8211; ENGINEERING TASK FORCE) (SIMONSTR. 7) (90763, F\u00dcRTH) (DEUTSCHLAND) Kontaktinformationen: Telefon: (+49 911 238 10 100) E-Mail: (info@etf-engineering.de) Website: (www.etf-engineering.de) Vertretungsberechtigte Person: (ERIC TOBIAS FRESZ) (Inhaber, Einzelunternehmer\/in) T\u00e4tigkeitsbereich: (Freiberufliche Ingenieur\u2011 und Beratungsleistung) Berufsrechtlicher Status: Freiberuflicher Ingenieur \/ Berater: (NICHT ZULASSUNGSPFLICHTIG) Steuernummer: (NICHT \u00d6FFENTLICH ANGEGEBEN) Umsatzsteuer-ID gem\u00e4\u00df \u00a7 27a UStG: (DE460336610) Haftungsausschluss: Die Inhalte [&hellip;]<\/p>\n","protected":false},"author":1,"featured_media":3054,"parent":0,"menu_order":60,"comment_status":"closed","ping_status":"closed","template":"page-with-title","meta":{"_themeisle_gutenberg_block_has_review":false,"footnotes":""},"class_list":["post-42","page","type-page","status-publish","has-post-thumbnail","hentry"],"_links":{"self":[{"href":"https:\/\/etf-engineering.de\/en\/wp-json\/wp\/v2\/pages\/42","targetHints":{"allow":["GET"]}}],"collection":[{"href":"https:\/\/etf-engineering.de\/en\/wp-json\/wp\/v2\/pages"}],"about":[{"href":"https:\/\/etf-engineering.de\/en\/wp-json\/wp\/v2\/types\/page"}],"author":[{"embeddable":true,"href":"https:\/\/etf-engineering.de\/en\/wp-json\/wp\/v2\/users\/1"}],"replies":[{"embeddable":true,"href":"https:\/\/etf-engineering.de\/en\/wp-json\/wp\/v2\/comments?post=42"}],"version-history":[{"count":65,"href":"https:\/\/etf-engineering.de\/en\/wp-json\/wp\/v2\/pages\/42\/revisions"}],"predecessor-version":[{"id":3018,"href":"https:\/\/etf-engineering.de\/en\/wp-json\/wp\/v2\/pages\/42\/revisions\/3018"}],"wp:featuredmedia":[{"embeddable":true,"href":"https:\/\/etf-engineering.de\/en\/wp-json\/wp\/v2\/media\/3054"}],"wp:attachment":[{"href":"https:\/\/etf-engineering.de\/en\/wp-json\/wp\/v2\/media?parent=42"}],"curies":[{"name":"wp","href":"https:\/\/api.w.org\/{rel}","templated":true}]}}