{"id":37,"date":"2026-02-09T16:05:43","date_gmt":"2026-02-09T16:05:43","guid":{"rendered":"https:\/\/etf-engineering.de\/kontakt\/"},"modified":"2026-03-24T17:52:45","modified_gmt":"2026-03-24T16:52:45","slug":"kontakt-engineering-task-force","status":"publish","type":"page","link":"https:\/\/etf-engineering.de\/en\/kontakt-engineering-task-force\/","title":{"rendered":"Contact"},"content":{"rendered":"<div class=\"wp-block-group alignwide is-horizontal is-content-justification-center is-nowrap is-layout-flex wp-container-core-group-is-layout-6974a1ff wp-block-group-is-layout-flex has-background\" style=\"margin-top:0;margin-bottom:0;padding-top:var(--wp--preset--spacing--55);padding-right:var(--wp--preset--spacing--40);padding-bottom:var(--wp--preset--spacing--55);padding-left:var(--wp--preset--spacing--40);background-image:url(&apos;https:\/\/mlscv3x5fjbj.i.optimole.com\/w:auto\/h:auto\/q:mauto\/f:best\/https:\/\/etf-engineering.de\/wp-content\/uploads\/2026\/02\/cec6eaa03a77dd50144599323955bac48b6d5610.jpg&apos;);background-position:5% 10%;background-size:cover;\">\n<div class=\"wp-block-group has-global-padding is-layout-constrained wp-container-core-group-is-layout-2287c683 wp-block-group-is-layout-constrained\">\n<h2 class=\"wp-block-heading has-text-align-center has-background-color has-text-color has-link-color wp-elements-f0a6b594e2ac17cf169f351cbf26464d\">Strategic partnership.<\/h2>\n\n\n\n<p class=\"has-text-align-right animated backInRight delay-500ms slow has-background-color has-text-color has-link-color wp-elements-64e3fd2f0ce2870acffd5a5856ab51fd\" style=\"padding-top:var(--wp--preset--spacing--30);padding-right:var(--wp--preset--spacing--20);padding-bottom:var(--wp--preset--spacing--30);padding-left:var(--wp--preset--spacing--20)\">Tailor-made solutions and complementary services, designed specifically to fit your existing business processes, help to strengthen your market presence in the long term. Look forward to state-of-the-art results \u2013 get in touch with us here.<\/p>\n<\/div>\n<\/div>\n\n\n\n<div class=\"wp-block-media-text alignwide has-media-on-the-right is-stacked-on-mobile\"><div class=\"wp-block-media-text__content\">\n<div class=\"wp-block-contact-form-7-contact-form-selector\">\n<div class=\"wpcf7 no-js\" id=\"wpcf7-f32-o1\" lang=\"de-DE\" dir=\"ltr\" data-wpcf7-id=\"32\">\n<div class=\"screen-reader-response\"><p role=\"status\" aria-live=\"polite\" aria-atomic=\"true\"><\/p> <ul><\/ul><\/div>\n<form action=\"\/en\/wp-json\/wp\/v2\/pages\/37#wpcf7-f32-o1\" method=\"post\" class=\"wpcf7-form init\" aria-label=\"contact form\" novalidate=\"novalidate\" data-status=\"init\" data-trp-original-action=\"\/en\/wp-json\/wp\/v2\/pages\/37#wpcf7-f32-o1\">\n<fieldset class=\"hidden-fields-container\"><input type=\"hidden\" name=\"_wpcf7\" value=\"32\" \/><input type=\"hidden\" name=\"_wpcf7_version\" value=\"6.1.5\" \/><input type=\"hidden\" name=\"_wpcf7_locale\" value=\"de_DE\" \/><input type=\"hidden\" name=\"_wpcf7_unit_tag\" value=\"wpcf7-f32-o1\" \/><input type=\"hidden\" name=\"_wpcf7_container_post\" value=\"0\" \/><input type=\"hidden\" name=\"_wpcf7_posted_data_hash\" value=\"\" \/>\n<\/fieldset>\n<p><label> Your name<br \/>\n<span class=\"wpcf7-form-control-wrap\" data-name=\"your-name\"><input size=\"40\" maxlength=\"400\" class=\"wpcf7-form-control wpcf7-text wpcf7-validates-as-required\" autocomplete=\"name\" aria-required=\"true\" aria-invalid=\"false\" value=\"\" type=\"text\" name=\"your-name\" \/><\/span> <\/label>\n<\/p>\n<p><label> Your email address<br \/>\n<span class=\"wpcf7-form-control-wrap\" data-name=\"your-email\"><input size=\"40\" maxlength=\"400\" class=\"wpcf7-form-control wpcf7-email wpcf7-validates-as-required wpcf7-text wpcf7-validates-as-email\" autocomplete=\"email\" aria-required=\"true\" aria-invalid=\"false\" value=\"\" type=\"email\" name=\"your-email\" \/><\/span> <\/label>\n<\/p>\n<p><label> Subject<br \/>\n<span class=\"wpcf7-form-control-wrap\" data-name=\"your-subject\"><input size=\"40\" maxlength=\"400\" class=\"wpcf7-form-control wpcf7-text wpcf7-validates-as-required\" aria-required=\"true\" aria-invalid=\"false\" value=\"\" type=\"text\" name=\"your-subject\" \/><\/span> <\/label>\n<\/p>\n<p><label> Your message (optional)<br \/>\n<span class=\"wpcf7-form-control-wrap\" data-name=\"your-message\"><textarea cols=\"40\" rows=\"10\" maxlength=\"2000\" class=\"wpcf7-form-control wpcf7-textarea\" aria-invalid=\"false\" name=\"your-message\"><\/textarea><\/span> <\/label>\n<\/p>\n<p><input class=\"wpcf7-form-control wpcf7-submit has-spinner\" type=\"submit\" value=\"Submit\" \/>\n<\/p><div class=\"wpcf7-response-output\" aria-hidden=\"true\"><\/div>\n<input type=\"hidden\" name=\"trp-form-language\" value=\"en\"\/><\/form>\n<\/div>\n<\/div>\n<\/div><figure class=\"wp-block-media-text__media\"><img data-opt-id=114789365  fetchpriority=\"high\" decoding=\"async\" width=\"1536\" height=\"1024\" src=\"https:\/\/mlscv3x5fjbj.i.optimole.com\/w:auto\/h:auto\/q:mauto\/f:best\/https:\/\/etf-engineering.de\/wp-content\/uploads\/2026\/02\/KI-Refurbish_4zu3_mirror_FUe_05.png\" alt=\"Das Bild zeigt einen modernen Innenraum mit einem gerahmten Wandbild, das eine stilisierte Stadtansicht darstellt. Zu sehen sind verschiedene Geb\u00e4ude, darunter Kircht\u00fcrme, moderne B\u00fcrogeb\u00e4ude und eine h\u00fcgelige Landschaft im Hintergrund. Im unteren Teil des Bildes spiegelt sich die Stadt, jedoch nicht wie in Wasser, sondern in einer abstrakten, technisch anmutenden Struktur mit linienartigen, schaltkreis\u00e4hnlichen Mustern. Diese Kombination aus Stadtlandschaft und digitaler Struktur vermittelt den Eindruck von Verbindung zwischen realer urbaner Umgebung und moderner Technologie. Das Bild wirkt ruhig, professionell und eignet sich als visueller Akzent im oberen Bereich der Kontaktseite.\" class=\"wp-image-1204 size-full\"\/><\/figure><\/div>\n\n\n\n<div class=\"wp-block-media-text alignfull is-stacked-on-mobile is-vertically-aligned-center\" style=\"padding-top:var(--wp--preset--spacing--50);padding-right:var(--wp--preset--spacing--20);padding-bottom:var(--wp--preset--spacing--50);padding-left:var(--wp--preset--spacing--20);grid-template-columns:37% auto\"><figure class=\"wp-block-media-text__media\"><img data-opt-id=946271003  fetchpriority=\"high\" decoding=\"async\" width=\"1024\" height=\"1024\" src=\"https:\/\/mlscv3x5fjbj.i.optimole.com\/w:auto\/h:auto\/q:mauto\/f:best\/https:\/\/etf-engineering.de\/wp-content\/uploads\/2026\/02\/image-6.jpg\" alt=\"Das Bild zeigt einen modernen digitalen Arbeitsplatz mit einem Laptop und einem Smartphone, die auf einer dunklen Oberfl\u00e4che stehen. \u00dcber dem ge\u00f6ffneten Laptop schwebt eine halbtransparente grafische Darstellung eines Kontaktformulars mit typischen Eingabefeldern wie Name, E\u2011Mail und Nachricht. Der Hintergrund ist minimalistisch gehalten und zeigt einen sanften Farbverlauf, der die technische und professionelle Atmosph\u00e4re unterstreicht. Das Smartphone steht rechts neben dem Laptop und erg\u00e4nzt die Szene als mobiles Endger\u00e4t. Das Bild vermittelt den Eindruck eines klar strukturierten, digitalen Kommunikationsprozesses, wie er f\u00fcr Kontaktseiten moderner Unternehmenswebseiten typisch ist.\" class=\"wp-image-390 size-full\" srcset=\"https:\/\/mlscv3x5fjbj.i.optimole.com\/w:1024\/h:1024\/q:mauto\/f:best\/https:\/\/etf-engineering.de\/wp-content\/uploads\/2026\/02\/image-6.jpg 1024w, https:\/\/mlscv3x5fjbj.i.optimole.com\/w:300\/h:300\/q:mauto\/f:best\/https:\/\/etf-engineering.de\/wp-content\/uploads\/2026\/02\/image-6.jpg 300w, https:\/\/mlscv3x5fjbj.i.optimole.com\/w:150\/h:150\/q:mauto\/f:best\/https:\/\/etf-engineering.de\/wp-content\/uploads\/2026\/02\/image-6.jpg 150w, https:\/\/mlscv3x5fjbj.i.optimole.com\/w:768\/h:768\/q:mauto\/f:best\/https:\/\/etf-engineering.de\/wp-content\/uploads\/2026\/02\/image-6.jpg 768w, https:\/\/mlscv3x5fjbj.i.optimole.com\/w:12\/h:12\/q:mauto\/f:best\/dpr:2\/https:\/\/etf-engineering.de\/wp-content\/uploads\/2026\/02\/image-6.jpg 12w\" sizes=\"(max-width: 1000px) 100vw, 1000px\" \/><\/figure><div class=\"wp-block-media-text__content\">\n<p><em>We will treat your message with the same care as all other correspondence we receive. <\/em><\/p>\n\n\n\n<p><em>These are prioritised along with other emails in the order in which they are received and according to their urgency.<\/em><\/p>\n\n\n\n<p><em>We will usually get back to you within 48 hours. <\/em><\/p>\n\n\n\n<p><em>You will be notified as soon as your matter has been fully reviewed.<\/em><\/p>\n\n\n\n<p><strong><em>Thank you very much for your understanding!<\/em><\/strong><\/p>\n<\/div><\/div>\n\n\n\n<div class=\"wp-block-group alignfull is-style-ext-preset--group--natural-1--section has-tertiary-background-color has-background has-global-padding is-layout-constrained wp-block-group-is-layout-constrained\" style=\"margin-top:0;margin-bottom:0;padding-top:var(--wp--preset--spacing--70);padding-bottom:var(--wp--preset--spacing--70)\">\n<div class=\"wp-block-columns alignwide is-layout-flex wp-container-core-columns-is-layout-08c01c1c wp-block-columns-is-layout-flex\">\n<div class=\"wp-block-column is-vertically-aligned-stretch is-layout-flow wp-block-column-is-layout-flow\">\n<div class=\"wp-block-group alignwide is-style-ext-preset--group--natural-1--item-card-1--align-start has-background-background-color has-background is-nowrap is-layout-flex wp-container-core-group-is-layout-bcde1d39 wp-block-group-is-layout-flex is-style-ext-preset--group--natural-1--item-card-1--align-start--2\" style=\"min-height:100%;padding-top:0;padding-right:0;padding-bottom:0;padding-left:0\">\n<div class=\"wp-block-group alignwide has-global-padding is-layout-constrained wp-container-core-group-is-layout-71f8e6ab wp-block-group-is-layout-constrained\" style=\"padding-top:var(--wp--preset--spacing--50);padding-right:var(--wp--preset--spacing--50);padding-bottom:var(--wp--preset--spacing--50);padding-left:var(--wp--preset--spacing--50)\">\n<div class=\"wp-block-group has-global-padding is-layout-constrained wp-container-core-group-is-layout-812d5580 wp-block-group-is-layout-constrained\" style=\"padding-top:0;padding-right:0;padding-bottom:0;padding-left:0\">\n<p style=\"font-size:clamp(14px, 0.875rem + ((1vw - 3.2px) * 0.417), 18px);\">Please feel free to get in touch with us  \u2013 our business address, telephone number and email address are listed here for your convenience.<\/p>\n\n\n\n<div class=\"wp-block-columns is-not-stacked-on-mobile is-layout-flex wp-container-core-columns-is-layout-6db7e666 wp-block-columns-is-layout-flex\">\n<div class=\"wp-block-column is-layout-flow wp-block-column-is-layout-flow\" style=\"padding-top:2px;flex-basis:24px\">\n<figure class=\"wp-block-image size-large wp-duotone-primary-foreground\"><img data-opt-id=539451468  decoding=\"async\" src=\"data:image\/svg+xml;base64,PHN2ZyB4bWxucz0iaHR0cDovL3d3dy53My5vcmcvMjAwMC9zdmciIHdpZHRoPSIyNCIgaGVpZ2h0PSIyNCIgZmlsbD0iIzAwMDAwMCIgdmlld0JveD0iMCAwIDI1NiAyNTYiPjxwYXRoIGQ9Ik0yMDAsMjI0SDE1MC41NEEyNjYuNTYsMjY2LjU2LDAsMCwwLDE3NCwyMDAuMjVjMjcuNDUtMzEuNTcsNDItNjQuODUsNDItOTYuMjVhODgsODgsMCwwLDAtMTc2LDBjMCwzMS40LDE0LjUxLDY0LjY4LDQyLDk2LjI1QTI2Ni41NiwyNjYuNTYsMCwwLDAsMTA1LjQ2LDIyNEg1NmE4LDgsMCwwLDAsMCwxNkgyMDBhOCw4LDAsMCwwLDAtMTZaTTU2LDEwNGE3Miw3MiwwLDAsMSwxNDQsMGMwLDU3LjIzLTU1LjQ3LDEwNS03MiwxMThDMTExLjQ3LDIwOSw1NiwxNjEuMjMsNTYsMTA0Wm0xMTIsMGE0MCw0MCwwLDEsMC00MCw0MEE0MCw0MCwwLDAsMCwxNjgsMTA0Wm0tNjQsMGEyNCwyNCwwLDEsMSwyNCwyNEEyNCwyNCwwLDAsMSwxMDQsMTA0WiI+PC9wYXRoPjwvc3ZnPg==\" alt=\"\"\/><\/figure>\n<\/div>\n\n\n\n<div class=\"wp-block-column is-layout-flow wp-container-core-column-is-layout-8a368f38 wp-block-column-is-layout-flow\">\n<p class=\"has-medium-font-size\" style=\"font-style:normal;font-weight:500\">Simonstr. 7, Office 1. Floor<\/p>\n\n\n\n<p class=\"has-medium-font-size\" style=\"margin-top:0;margin-bottom:0;font-style:normal;font-weight:500\">90763, Fuerth<\/p>\n<\/div>\n<\/div>\n\n\n\n<div class=\"wp-block-columns are-vertically-aligned-center is-not-stacked-on-mobile is-layout-flex wp-container-core-columns-is-layout-6db7e666 wp-block-columns-is-layout-flex\">\n<div class=\"wp-block-column is-vertically-aligned-center is-layout-flow wp-block-column-is-layout-flow\" style=\"flex-basis:24px\">\n<figure class=\"wp-block-image size-large wp-duotone-primary-foreground\"><img data-opt-id=539451468  decoding=\"async\" src=\"data:image\/svg+xml;base64,PHN2ZyB4bWxucz0iaHR0cDovL3d3dy53My5vcmcvMjAwMC9zdmciIHdpZHRoPSIyNCIgaGVpZ2h0PSIyNCIgZmlsbD0iIzAwMDAwMCIgdmlld0JveD0iMCAwIDI1NiAyNTYiPjxwYXRoIGQ9Ik0yMjIuMzcsMTU4LjQ2bC00Ny4xMS0yMS4xMS0uMTMtLjA2YTE2LDE2LDAsMCwwLTE1LjE3LDEuNCw4LjEyLDguMTIsMCwwLDAtLjc1LjU2TDEzNC44NywxNjBjLTE1LjQyLTcuNDktMzEuMzQtMjMuMjktMzguODMtMzguNTFsMjAuNzgtMjQuNzFjLjItLjI1LjM5LS41LjU3LS43N2ExNiwxNiwwLDAsMCwxLjMyLTE1LjA2bDAtLjEyTDk3LjU0LDMzLjY0YTE2LDE2LDAsMCwwLTE2LjYyLTkuNTJBNTYuMjYsNTYuMjYsMCwwLDAsMzIsODBjMCw3OS40LDY0LjYsMTQ0LDE0NCwxNDRhNTYuMjYsNTYuMjYsMCwwLDAsNTUuODgtNDguOTJBMTYsMTYsMCwwLDAsMjIyLjM3LDE1OC40NlpNMTc2LDIwOEExMjguMTQsMTI4LjE0LDAsMCwxLDQ4LDgwLDQwLjIsNDAuMiwwLDAsMSw4Mi44Nyw0MGEuNjEuNjEsMCwwLDAsMCwuMTJsMjEsNDdMODMuMiwxMTEuODZhNi4xMyw2LjEzLDAsMCwwLS41Ny43NywxNiwxNiwwLDAsMC0xLDE1LjdjOS4wNiwxOC41MywyNy43MywzNy4wNiw0Ni40Niw0Ni4xMWExNiwxNiwwLDAsMCwxNS43NS0xLjE0LDguNDQsOC40NCwwLDAsMCwuNzQtLjU2TDE2OC44OSwxNTJsNDcsMjEuMDVoMHMuMDgsMCwuMTEsMEE0MC4yMSw0MC4yMSwwLDAsMSwxNzYsMjA4WiI+PC9wYXRoPjwvc3ZnPg==\" alt=\"\"\/><\/figure>\n<\/div>\n\n\n\n<div class=\"wp-block-column is-vertically-aligned-center is-layout-flow wp-container-core-column-is-layout-8a368f38 wp-block-column-is-layout-flow\">\n<p class=\"has-medium-font-size\" style=\"font-style:normal;font-weight:500\">+49-911-238-10-100<\/p>\n<\/div>\n<\/div>\n\n\n\n<div class=\"wp-block-columns are-vertically-aligned-center is-not-stacked-on-mobile is-layout-flex wp-container-core-columns-is-layout-6db7e666 wp-block-columns-is-layout-flex\">\n<div class=\"wp-block-column is-vertically-aligned-center is-layout-flow wp-block-column-is-layout-flow\" style=\"flex-basis:24px\">\n<figure class=\"wp-block-image size-large wp-duotone-primary-foreground\"><img data-opt-id=539451468  decoding=\"async\" src=\"data:image\/svg+xml;base64,PHN2ZyB4bWxucz0iaHR0cDovL3d3dy53My5vcmcvMjAwMC9zdmciIHdpZHRoPSIyNCIgaGVpZ2h0PSIyNCIgZmlsbD0iIzAwMDAwMCIgdmlld0JveD0iMCAwIDI1NiAyNTYiPjxwYXRoIGQ9Ik0yMjQsNDhIMzJhOCw4LDAsMCwwLTgsOFYxOTJhMTYsMTYsMCwwLDAsMTYsMTZIMjE2YTE2LDE2LDAsMCwwLDE2LTE2VjU2QTgsOCwwLDAsMCwyMjQsNDhaTTIwMy40Myw2NCwxMjgsMTMzLjE1LDUyLjU3LDY0Wk0yMTYsMTkySDQwVjc0LjE5bDgyLjU5LDc1LjcxYTgsOCwwLDAsMCwxMC44MiwwTDIxNiw3NC4xOVYxOTJaIj48L3BhdGg+PC9zdmc+\" alt=\"\"\/><\/figure>\n<\/div>\n\n\n\n<div class=\"wp-block-column is-vertically-aligned-center is-layout-flow wp-container-core-column-is-layout-8a368f38 wp-block-column-is-layout-flow\">\n<p class=\"has-medium-font-size\" style=\"font-style:normal;font-weight:500\">kontakt@etf-engineering.de<\/p>\n<\/div>\n<\/div>\n<\/div>\n<\/div>\n<\/div>\n<\/div>\n\n\n\n<div class=\"wp-block-column is-vertically-aligned-center is-layout-flow wp-block-column-is-layout-flow\">\n<figure class=\"wp-block-image size-full is-style-ext-preset--image--natural-1--image-1--content-right is-style-ext-preset--image--natural-1--image-1--content-right--3\"><img data-opt-id=1393015847  data-opt-src=\"https:\/\/mlscv3x5fjbj.i.optimole.com\/w:auto\/h:auto\/q:mauto\/f:best\/https:\/\/etf-engineering.de\/wp-content\/uploads\/2026\/03\/00_Bild_Fensterfront-Fuerth-Office_KONTAKT_Adresse_ETF_105.png\"  decoding=\"async\" width=\"1536\" height=\"1024\" src=\"data:image/svg+xml,%3Csvg%20viewBox%3D%220%200%20100%%20100%%22%20width%3D%22100%%22%20height%3D%22100%%22%20xmlns%3D%22http%3A%2F%2Fwww.w3.org%2F2000%2Fsvg%22%3E%3Crect%20width%3D%22100%%22%20height%3D%22100%%22%20fill%3D%22transparent%22%2F%3E%3C%2Fsvg%3E\" alt=\"Gro\u00dfe Fensterfront mit Blick auf eine Stadtlandschaft aus Kircht\u00fcrmen, Kuppeln und modernen Geb\u00e4uden vor einem bewaldeten H\u00fcgel. Unterer Fensterbereich mit farbigem Mosaik, die gesamte Skyline mit leicht leuchtenden Konturen.\" class=\"wp-image-2511\" old-srcset=\"https:\/\/mlscv3x5fjbj.i.optimole.com\/w:1536\/h:1024\/q:mauto\/f:best\/https:\/\/etf-engineering.de\/wp-content\/uploads\/2026\/03\/00_Bild_Fensterfront-Fuerth-Office_KONTAKT_Adresse_ETF_105.png 1536w, https:\/\/mlscv3x5fjbj.i.optimole.com\/w:300\/h:200\/q:mauto\/f:best\/https:\/\/etf-engineering.de\/wp-content\/uploads\/2026\/03\/00_Bild_Fensterfront-Fuerth-Office_KONTAKT_Adresse_ETF_105.png 300w, https:\/\/mlscv3x5fjbj.i.optimole.com\/w:1024\/h:683\/q:mauto\/f:best\/https:\/\/etf-engineering.de\/wp-content\/uploads\/2026\/03\/00_Bild_Fensterfront-Fuerth-Office_KONTAKT_Adresse_ETF_105.png 1024w, https:\/\/mlscv3x5fjbj.i.optimole.com\/w:768\/h:512\/q:mauto\/f:best\/https:\/\/etf-engineering.de\/wp-content\/uploads\/2026\/03\/00_Bild_Fensterfront-Fuerth-Office_KONTAKT_Adresse_ETF_105.png 768w\" \/><\/figure>\n<\/div>\n<\/div>\n<\/div>","protected":false},"excerpt":{"rendered":"<p>Strategic partnership. Ma\u00dfgeschneiderte L\u00f6sungen und erg\u00e4nzender Service, abgestimmt auf etablierte Gesch\u00e4ftsprozesse, erm\u00f6glichen eine langfristige St\u00e4rkung Ihrer Marktpr\u00e4senz. Erwarten Sie Ergebnisse auf dem aktuellen Stand der Technik und treten Sie hier mit uns in Kontakt. Wir legen Wert darauf, dass wir Ihre Nachricht ebenso sorgf\u00e4ltig bearbeiten, wie alle eingehenden Mitteilungen. Diese werden zusammen mit weiteren E-Mails [&hellip;]<\/p>\n","protected":false},"author":1,"featured_media":1204,"parent":0,"menu_order":30,"comment_status":"closed","ping_status":"closed","template":"page-with-title","meta":{"_themeisle_gutenberg_block_has_review":false,"footnotes":""},"class_list":["post-37","page","type-page","status-publish","has-post-thumbnail","hentry"],"_links":{"self":[{"href":"https:\/\/etf-engineering.de\/en\/wp-json\/wp\/v2\/pages\/37","targetHints":{"allow":["GET"]}}],"collection":[{"href":"https:\/\/etf-engineering.de\/en\/wp-json\/wp\/v2\/pages"}],"about":[{"href":"https:\/\/etf-engineering.de\/en\/wp-json\/wp\/v2\/types\/page"}],"author":[{"embeddable":true,"href":"https:\/\/etf-engineering.de\/en\/wp-json\/wp\/v2\/users\/1"}],"replies":[{"embeddable":true,"href":"https:\/\/etf-engineering.de\/en\/wp-json\/wp\/v2\/comments?post=37"}],"version-history":[{"count":284,"href":"https:\/\/etf-engineering.de\/en\/wp-json\/wp\/v2\/pages\/37\/revisions"}],"predecessor-version":[{"id":3031,"href":"https:\/\/etf-engineering.de\/en\/wp-json\/wp\/v2\/pages\/37\/revisions\/3031"}],"wp:featuredmedia":[{"embeddable":true,"href":"https:\/\/etf-engineering.de\/en\/wp-json\/wp\/v2\/media\/1204"}],"wp:attachment":[{"href":"https:\/\/etf-engineering.de\/en\/wp-json\/wp\/v2\/media?parent=37"}],"curies":[{"name":"wp","href":"https:\/\/api.w.org\/{rel}","templated":true}]}}